{"id":2511,"date":"2024-12-12T10:27:46","date_gmt":"2024-12-12T09:27:46","guid":{"rendered":"https:\/\/backeshaeuschen.de\/?page_id=2511"},"modified":"2025-10-12T11:30:19","modified_gmt":"2025-10-12T09:30:19","slug":"lage-umgebung","status":"publish","type":"page","link":"https:\/\/backeshaeuschen.de\/?page_id=2511","title":{"rendered":"Lage &#038; Umgebung"},"content":{"rendered":"\t\t<div data-elementor-type=\"wp-page\" data-elementor-id=\"2511\" class=\"elementor elementor-2511\" data-elementor-post-type=\"page\">\n\t\t\t\t<div class=\"elementor-element elementor-element-a4dac83 e-flex e-con-boxed e-con e-parent\" data-id=\"a4dac83\" data-element_type=\"container\">\n\t\t\t\t\t<div class=\"e-con-inner\">\n\t\t\t\t<div class=\"elementor-element elementor-element-edc5961 elementor-widget elementor-widget-image\" data-id=\"edc5961\" data-element_type=\"widget\" data-widget_type=\"image.default\">\n\t\t\t\t<div class=\"elementor-widget-container\">\n\t\t\t\t\t\t\t\t\t\t\t\t\t\t\t<img fetchpriority=\"high\" decoding=\"async\" width=\"780\" height=\"439\" src=\"https:\/\/backeshaeuschen.de\/wp-content\/uploads\/2024\/12\/5-1024x576.png\" class=\"attachment-large size-large wp-image-2693\" alt=\"Backesh\u00e4uschen: Lage und Umgebung\" srcset=\"https:\/\/backeshaeuschen.de\/wp-content\/uploads\/2024\/12\/5-1024x576.png 1024w, https:\/\/backeshaeuschen.de\/wp-content\/uploads\/2024\/12\/5-300x169.png 300w, https:\/\/backeshaeuschen.de\/wp-content\/uploads\/2024\/12\/5-768x432.png 768w, https:\/\/backeshaeuschen.de\/wp-content\/uploads\/2024\/12\/5-500x281.png 500w, https:\/\/backeshaeuschen.de\/wp-content\/uploads\/2024\/12\/5.png 1366w\" sizes=\"(max-width: 780px) 100vw, 780px\" \/>\t\t\t\t\t\t\t\t\t\t\t\t\t\t\t<\/div>\n\t\t\t\t<\/div>\n\t\t\t\t\t<\/div>\n\t\t\t\t<\/div>\n\t\t<div class=\"elementor-element elementor-element-a24bbcc e-flex e-con-boxed e-con e-parent\" data-id=\"a24bbcc\" data-element_type=\"container\">\n\t\t\t\t\t<div class=\"e-con-inner\">\n\t\t\t\t<div class=\"elementor-element elementor-element-b99da7b elementor-widget elementor-widget-text-editor\" data-id=\"b99da7b\" data-element_type=\"widget\" data-widget_type=\"text-editor.default\">\n\t\t\t\t<div class=\"elementor-widget-container\">\n\t\t\t\t\t\t\t\t\t<h2 data-pm-slice=\"1 1 []\"><strong>Erleben Sie Hargesheim, Bad Kreuznach und die reizvolle Region<\/strong><\/h2><p>Herzlich willkommen in Hargesheim \u2013 einem idyllischen Dorf im Herzen des Nahelandes, umgeben von sanften H\u00fcgeln, \u00fcppigen Weinbergen und einer traumhaften Landschaft.<\/p><h3><strong>Hargesheim \u2013 Das Tor zum Naheland<\/strong><\/h3><p>Eingebettet in weitl\u00e4ufige Weinberge und gr\u00fcne T\u00e4ler l\u00e4dt die Umgebung zu erholsamen Spazierg\u00e4ngen und inspirierenden Wanderungen ein. Ob bei einem idyllischen Picknick in der Natur oder einer entspannten Radtour durch die Region \u2013 in Hargesheim finden Sie zahlreiche M\u00f6glichkeiten, den Alltag hinter sich zu lassen.<\/p><p>Besonders die N\u00e4he zu den Weing\u00fctern der Region macht Hargesheim zu etwas Einzigartigem. Probieren Sie die ausgezeichneten Weine der Nahe direkt vor Ort, erleben Sie die herzliche Gastfreundschaft der Winzer und lassen Sie sich von der Qualit\u00e4t der regionalen Tropfen begeistern.<\/p><h3><strong>Bad Kreuznach \u2013 Geschichte und Entspannung vereint<\/strong><\/h3><p>Nur wenige Minuten von Hargesheim entfernt liegt die Kur- und Weinstadt Bad Kreuznach \u2013 ein Ort, der Geschichte, Kultur und Wohlbefinden perfekt miteinander verbindet.<\/p><ul data-spread=\"false\"><li><p><strong>Salinental:<\/strong> Europas gr\u00f6\u00dftes Freiluftinhalatorium l\u00e4dt zum Durchatmen ein. Genie\u00dfen Sie die wohltuende, salzhaltige Luft und tanken Sie neue Kraft inmitten der idyllischen Natur.<\/p><\/li><li><p><strong>Die Br\u00fcckenh\u00e4user:<\/strong> Malerisch \u00fcber der Nahe thronend, geh\u00f6ren diese historischen Fachwerkh\u00e4user zu den Wahrzeichen der Stadt und sind ein absoluter Hingucker f\u00fcr Fotobegeisterte.<\/p><\/li><li><p><strong>Kauzenburg:<\/strong> Hoch \u00fcber der Stadt thront die Kauzenburg, die nicht nur einen fantastischen Ausblick bietet, sondern auch ein spannender Ort ist, um in die Geschichte der Region einzutauchen.<\/p><\/li><li><p><strong>Kurpark und R\u00f6merhalle:<\/strong> Genie\u00dfen Sie die Ruhe des weitl\u00e4ufigen Kurparks oder besuchen Sie die R\u00f6merhalle, die faszinierende Einblicke in die r\u00f6mische Vergangenheit von Bad Kreuznach bietet.<\/p><\/li><\/ul><h3><strong>Genuss und Wein in der Region<\/strong><\/h3><p>Die Region Nahe ist ber\u00fchmt f\u00fcr ihre Weine, die zu den besten in Deutschland z\u00e4hlen. Vom eleganten Riesling bis zum samtigen Sp\u00e4tburgunder \u2013 hier findet jeder Weinliebhaber seinen Lieblingswein. Zahlreiche familiengef\u00fchrte Weing\u00fcter laden Sie zu exklusiven Weinproben ein. Lernen Sie die Winzer pers\u00f6nlich kennen und erfahren Sie spannende Geschichten rund um ihre Arbeit und die Traditionen der Region.<\/p><p>Auch Gourmets kommen in der Region voll auf ihre Kosten. Genie\u00dfen Sie deftige Spezialit\u00e4ten wie den traditionellen Spie\u00dfbraten oder frische Forellen aus den kristallklaren Gew\u00e4ssern der Nahe.<\/p><h3><strong>Aktivit\u00e4ten und Ausflugsziele<\/strong><\/h3><p>Die Region rund um Hargesheim und Bad Kreuznach bietet eine Vielzahl von Aktivit\u00e4ten f\u00fcr jeden Geschmack:<\/p><ul data-spread=\"false\"><li><p><strong>Wandern und Radfahren:<\/strong> Der Naheradweg und die Vitaltouren f\u00fchren durch eine atemberaubende Landschaft und bieten abwechslungsreiche Strecken f\u00fcr Anf\u00e4nger und Fortgeschrittene.<\/p><\/li><li><p><strong>Ausfl\u00fcge in die Umgebung:<\/strong> Entdecken Sie nahegelegene Highlights wie Bingen am Rhein, das romantische Bad M\u00fcnster am Stein mit dem imposanten Rotenfels oder die beeindruckende Burg Ebernburg.<\/p><\/li><li><p><strong>Erholung und Wellness:<\/strong> Genie\u00dfen Sie entspannende Stunden in den Thermen von Bad Kreuznach, die f\u00fcr ihre heilenden Quellen bekannt sind.<\/p><\/li><\/ul><h3><strong>Das Backesh\u00e4uschen \u2013 Ihr gem\u00fctlicher R\u00fcckzugsort<\/strong><\/h3><p>Genie\u00dfen Sie die Ruhe des malerischen Dorfes Hargesheim, lassen Sie den Tag bei einem Glas Nahewein im gem\u00fctlichen Garten ausklingen und schmieden Sie Pl\u00e4ne f\u00fcr Ihre n\u00e4chsten Abenteuer.<\/p><p>Ob Natur, Genuss oder Entspannung \u2013 Hargesheim, Bad Kreuznach und das Naheland halten alles bereit, was Sie f\u00fcr einen unvergesslichen Aufenthalt brauchen. Wir freuen uns darauf, Sie im Backesh\u00e4uschen willkommen zu hei\u00dfen und Ihnen unsere Heimat n\u00e4herzubringen!<\/p><p><em>Ihr Zuhause auf Zeit \u2013 Das Backesh\u00e4uschen.<\/em><\/p>\t\t\t\t\t\t\t\t<\/div>\n\t\t\t\t<\/div>\n\t\t\t\t\t<\/div>\n\t\t\t\t<\/div>\n\t\t<div class=\"elementor-element elementor-element-08b543a e-con-full e-flex e-con e-parent\" data-id=\"08b543a\" data-element_type=\"container\">\n\t\t<div class=\"elementor-element elementor-element-6daeb88 e-con-full e-flex e-con e-child\" data-id=\"6daeb88\" data-element_type=\"container\">\n\t\t\t\t<div class=\"elementor-element elementor-element-8a2b8f3 elementor-widget elementor-widget-image\" data-id=\"8a2b8f3\" data-element_type=\"widget\" data-widget_type=\"image.default\">\n\t\t\t\t<div class=\"elementor-widget-container\">\n\t\t\t\t\t\t\t\t\t\t\t\t\t\t\t<img decoding=\"async\" width=\"780\" height=\"439\" src=\"https:\/\/backeshaeuschen.de\/wp-content\/uploads\/2024\/12\/16-1024x576.png\" class=\"attachment-large size-large wp-image-2704\" alt=\"\" srcset=\"https:\/\/backeshaeuschen.de\/wp-content\/uploads\/2024\/12\/16-1024x576.png 1024w, https:\/\/backeshaeuschen.de\/wp-content\/uploads\/2024\/12\/16-300x169.png 300w, https:\/\/backeshaeuschen.de\/wp-content\/uploads\/2024\/12\/16-768x432.png 768w, https:\/\/backeshaeuschen.de\/wp-content\/uploads\/2024\/12\/16-500x281.png 500w, https:\/\/backeshaeuschen.de\/wp-content\/uploads\/2024\/12\/16.png 1366w\" sizes=\"(max-width: 780px) 100vw, 780px\" \/>\t\t\t\t\t\t\t\t\t\t\t\t\t\t\t<\/div>\n\t\t\t\t<\/div>\n\t\t\t\t<\/div>\n\t\t<div class=\"elementor-element elementor-element-1032eae e-con-full e-flex e-con e-child\" data-id=\"1032eae\" data-element_type=\"container\">\n\t\t\t\t<div class=\"elementor-element elementor-element-1696790 elementor-widget elementor-widget-image\" data-id=\"1696790\" data-element_type=\"widget\" data-widget_type=\"image.default\">\n\t\t\t\t<div class=\"elementor-widget-container\">\n\t\t\t\t\t\t\t\t\t\t\t\t\t\t\t<img decoding=\"async\" width=\"780\" height=\"439\" src=\"https:\/\/backeshaeuschen.de\/wp-content\/uploads\/2024\/12\/20-1024x576.png\" class=\"attachment-large size-large wp-image-2708\" alt=\"\" srcset=\"https:\/\/backeshaeuschen.de\/wp-content\/uploads\/2024\/12\/20-1024x576.png 1024w, https:\/\/backeshaeuschen.de\/wp-content\/uploads\/2024\/12\/20-300x169.png 300w, https:\/\/backeshaeuschen.de\/wp-content\/uploads\/2024\/12\/20-768x432.png 768w, https:\/\/backeshaeuschen.de\/wp-content\/uploads\/2024\/12\/20-500x281.png 500w, https:\/\/backeshaeuschen.de\/wp-content\/uploads\/2024\/12\/20.png 1366w\" sizes=\"(max-width: 780px) 100vw, 780px\" \/>\t\t\t\t\t\t\t\t\t\t\t\t\t\t\t<\/div>\n\t\t\t\t<\/div>\n\t\t\t\t<\/div>\n\t\t<div class=\"elementor-element elementor-element-53747c5 e-con-full e-flex e-con e-child\" data-id=\"53747c5\" data-element_type=\"container\">\n\t\t\t\t<div class=\"elementor-element elementor-element-8b81a0c elementor-widget elementor-widget-image\" data-id=\"8b81a0c\" data-element_type=\"widget\" data-widget_type=\"image.default\">\n\t\t\t\t<div class=\"elementor-widget-container\">\n\t\t\t\t\t\t\t\t\t\t\t\t\t\t\t<img loading=\"lazy\" decoding=\"async\" width=\"780\" height=\"439\" src=\"https:\/\/backeshaeuschen.de\/wp-content\/uploads\/2024\/12\/14-1024x576.png\" class=\"attachment-large size-large wp-image-2702\" alt=\"\" srcset=\"https:\/\/backeshaeuschen.de\/wp-content\/uploads\/2024\/12\/14-1024x576.png 1024w, https:\/\/backeshaeuschen.de\/wp-content\/uploads\/2024\/12\/14-300x169.png 300w, https:\/\/backeshaeuschen.de\/wp-content\/uploads\/2024\/12\/14-768x432.png 768w, https:\/\/backeshaeuschen.de\/wp-content\/uploads\/2024\/12\/14-500x281.png 500w, https:\/\/backeshaeuschen.de\/wp-content\/uploads\/2024\/12\/14.png 1366w\" sizes=\"(max-width: 780px) 100vw, 780px\" \/>\t\t\t\t\t\t\t\t\t\t\t\t\t\t\t<\/div>\n\t\t\t\t<\/div>\n\t\t\t\t<\/div>\n\t\t<div class=\"elementor-element elementor-element-d28d0b2 e-con-full e-flex e-con e-child\" data-id=\"d28d0b2\" data-element_type=\"container\">\n\t\t\t\t<div class=\"elementor-element elementor-element-73a3e90 elementor-widget elementor-widget-image\" data-id=\"73a3e90\" data-element_type=\"widget\" data-widget_type=\"image.default\">\n\t\t\t\t<div class=\"elementor-widget-container\">\n\t\t\t\t\t\t\t\t\t\t\t\t\t\t\t<img loading=\"lazy\" decoding=\"async\" width=\"780\" height=\"439\" src=\"https:\/\/backeshaeuschen.de\/wp-content\/uploads\/2024\/12\/6-1024x576.png\" class=\"attachment-large size-large wp-image-2694\" alt=\"\" srcset=\"https:\/\/backeshaeuschen.de\/wp-content\/uploads\/2024\/12\/6-1024x576.png 1024w, https:\/\/backeshaeuschen.de\/wp-content\/uploads\/2024\/12\/6-300x169.png 300w, https:\/\/backeshaeuschen.de\/wp-content\/uploads\/2024\/12\/6-768x432.png 768w, https:\/\/backeshaeuschen.de\/wp-content\/uploads\/2024\/12\/6-500x281.png 500w, https:\/\/backeshaeuschen.de\/wp-content\/uploads\/2024\/12\/6.png 1366w\" sizes=\"(max-width: 780px) 100vw, 780px\" \/>\t\t\t\t\t\t\t\t\t\t\t\t\t\t\t<\/div>\n\t\t\t\t<\/div>\n\t\t\t\t<\/div>\n\t\t<div class=\"elementor-element elementor-element-4d68579 e-con-full e-flex e-con e-child\" data-id=\"4d68579\" data-element_type=\"container\">\n\t\t\t\t<div class=\"elementor-element elementor-element-174cc7a elementor-widget elementor-widget-image\" data-id=\"174cc7a\" data-element_type=\"widget\" data-widget_type=\"image.default\">\n\t\t\t\t<div class=\"elementor-widget-container\">\n\t\t\t\t\t\t\t\t\t\t\t\t\t\t\t<img loading=\"lazy\" decoding=\"async\" width=\"780\" height=\"439\" src=\"https:\/\/backeshaeuschen.de\/wp-content\/uploads\/2024\/12\/15-1024x576.png\" class=\"attachment-large size-large wp-image-2703\" alt=\"\" srcset=\"https:\/\/backeshaeuschen.de\/wp-content\/uploads\/2024\/12\/15-1024x576.png 1024w, https:\/\/backeshaeuschen.de\/wp-content\/uploads\/2024\/12\/15-300x169.png 300w, https:\/\/backeshaeuschen.de\/wp-content\/uploads\/2024\/12\/15-768x432.png 768w, https:\/\/backeshaeuschen.de\/wp-content\/uploads\/2024\/12\/15-500x281.png 500w, https:\/\/backeshaeuschen.de\/wp-content\/uploads\/2024\/12\/15.png 1366w\" sizes=\"(max-width: 780px) 100vw, 780px\" \/>\t\t\t\t\t\t\t\t\t\t\t\t\t\t\t<\/div>\n\t\t\t\t<\/div>\n\t\t\t\t<\/div>\n\t\t<div class=\"elementor-element elementor-element-2163537 e-con-full e-flex e-con e-child\" data-id=\"2163537\" data-element_type=\"container\">\n\t\t\t\t<div class=\"elementor-element elementor-element-20007d0 elementor-widget elementor-widget-image\" data-id=\"20007d0\" data-element_type=\"widget\" data-widget_type=\"image.default\">\n\t\t\t\t<div class=\"elementor-widget-container\">\n\t\t\t\t\t\t\t\t\t\t\t\t\t\t\t<img loading=\"lazy\" decoding=\"async\" width=\"780\" height=\"439\" src=\"https:\/\/backeshaeuschen.de\/wp-content\/uploads\/2024\/12\/2-1024x576.png\" class=\"attachment-large size-large wp-image-2690\" alt=\"\" srcset=\"https:\/\/backeshaeuschen.de\/wp-content\/uploads\/2024\/12\/2-1024x576.png 1024w, https:\/\/backeshaeuschen.de\/wp-content\/uploads\/2024\/12\/2-300x169.png 300w, https:\/\/backeshaeuschen.de\/wp-content\/uploads\/2024\/12\/2-768x432.png 768w, https:\/\/backeshaeuschen.de\/wp-content\/uploads\/2024\/12\/2-500x281.png 500w, https:\/\/backeshaeuschen.de\/wp-content\/uploads\/2024\/12\/2.png 1366w\" sizes=\"(max-width: 780px) 100vw, 780px\" \/>\t\t\t\t\t\t\t\t\t\t\t\t\t\t\t<\/div>\n\t\t\t\t<\/div>\n\t\t\t\t<\/div>\n\t\t\t\t<\/div>\n\t\t<div class=\"elementor-element elementor-element-29ca15c e-flex e-con-boxed e-con e-parent\" data-id=\"29ca15c\" data-element_type=\"container\">\n\t\t\t\t\t<div class=\"e-con-inner\">\n\t\t\t\t\t<\/div>\n\t\t\t\t<\/div>\n\t\t<div class=\"elementor-element elementor-element-90bcc22 e-flex e-con-boxed e-con e-parent\" data-id=\"90bcc22\" data-element_type=\"container\">\n\t\t\t\t\t<div class=\"e-con-inner\">\n\t\t\t\t<div class=\"elementor-element elementor-element-fdaafaa elementor-widget elementor-widget-text-editor\" data-id=\"fdaafaa\" data-element_type=\"widget\" data-widget_type=\"text-editor.default\">\n\t\t\t\t<div class=\"elementor-widget-container\">\n\t\t\t\t\t\t\t\t\t<p>Oh du holdes Naheland<\/p>\t\t\t\t\t\t\t\t<\/div>\n\t\t\t\t<\/div>\n\t\t\t\t<div class=\"elementor-element elementor-element-0411bd7 elementor-widget elementor-widget-text-editor\" data-id=\"0411bd7\" data-element_type=\"widget\" data-widget_type=\"text-editor.default\">\n\t\t\t\t<div class=\"elementor-widget-container\">\n\t\t\t\t\t\t\t\t\t<p>Oh du holdes Naheland, mein Herz dir ewig zugewandt, <br \/>Hier, wo einst der R\u00f6mer weilte, und der Duft der Salinen verweilte. <br \/>Salz&#8217;ge Brisen, die die Sinne ber\u00fchren, stilles Rauschen, das Gedanken entf\u00fchren. <br \/>Von der Kauzenburg gleitet der Blick, ins Leben der Stadt, ein buntes St\u00fcck. <br \/>Menschen lachen, Stimmen erklingen, und die Gassen zum Flanieren zwingen.<\/p><p>S\u00fc\u00df lockst du mich zu dir hinein, und schenkst mir ein den Wein, so rein. Nach langer Zeit das Wiedersehen, gleit\u2019 ich zur\u00fcck durch alte Alleen. <br \/>An diesen Ort, so wohlbekannt, der mir fr\u00fcher aus den H\u00e4nden gerannt. Nun bin ich zur\u00fcck bei dir, wei\u00df, ich bin hier kein Pionier. <br \/>Doch meine Seele ist anders nun, hat gelernt, sich neu zu tun. <br \/>Die Heimat bleibt, was sie einst war, doch ich kehr\u2019 heim mit neuem Jahr. <br \/>Mein Herz, gereift, doch ewig dir, erkennt nun klar: Du bist in mir.<\/p>\t\t\t\t\t\t\t\t<\/div>\n\t\t\t\t<\/div>\n\t\t\t\t\t<\/div>\n\t\t\t\t<\/div>\n\t\t\t\t<\/div>\n\t\t","protected":false},"excerpt":{"rendered":"<p>Erleben Sie Hargesheim, Bad Kreuznach und die reizvolle Region Herzlich willkommen in Hargesheim \u2013 einem idyllischen Dorf im Herzen des Nahelandes, umgeben von sanften H\u00fcgeln, \u00fcppigen Weinbergen und einer traumhaften Landschaft. Hargesheim \u2013 Das Tor zum Naheland Eingebettet in weitl\u00e4ufige Weinberge und gr\u00fcne T\u00e4ler l\u00e4dt die Umgebung zu erholsamen Spazierg\u00e4ngen und inspirierenden Wanderungen ein. Ob [&hellip;]<\/p>\n","protected":false},"author":1,"featured_media":0,"parent":0,"menu_order":0,"comment_status":"closed","ping_status":"closed","template":"","meta":{"inline_featured_image":false,"footnotes":""},"aioseo_notices":[],"_links":{"self":[{"href":"https:\/\/backeshaeuschen.de\/index.php?rest_route=\/wp\/v2\/pages\/2511"}],"collection":[{"href":"https:\/\/backeshaeuschen.de\/index.php?rest_route=\/wp\/v2\/pages"}],"about":[{"href":"https:\/\/backeshaeuschen.de\/index.php?rest_route=\/wp\/v2\/types\/page"}],"author":[{"embeddable":true,"href":"https:\/\/backeshaeuschen.de\/index.php?rest_route=\/wp\/v2\/users\/1"}],"replies":[{"embeddable":true,"href":"https:\/\/backeshaeuschen.de\/index.php?rest_route=%2Fwp%2Fv2%2Fcomments&post=2511"}],"version-history":[{"count":61,"href":"https:\/\/backeshaeuschen.de\/index.php?rest_route=\/wp\/v2\/pages\/2511\/revisions"}],"predecessor-version":[{"id":3140,"href":"https:\/\/backeshaeuschen.de\/index.php?rest_route=\/wp\/v2\/pages\/2511\/revisions\/3140"}],"wp:attachment":[{"href":"https:\/\/backeshaeuschen.de\/index.php?rest_route=%2Fwp%2Fv2%2Fmedia&parent=2511"}],"curies":[{"name":"wp","href":"https:\/\/api.w.org\/{rel}","templated":true}]}}